{"id":26351,"date":"2020-02-26T13:08:42","date_gmt":"2020-02-26T19:08:42","guid":{"rendered":"http:\/\/premiosinmobiliarios.com.mx\/?page_id=26351"},"modified":"2020-08-03T12:06:58","modified_gmt":"2020-08-03T18:06:58","slug":"finalistas2019","status":"publish","type":"page","link":"https:\/\/premiosinmobiliarios.com.mx\/?page_id=26351","title":{"rendered":"Finalistas"},"content":{"rendered":"<p>[vc_row full_width=&#8221;stretch_row&#8221; css=&#8221;.vc_custom_1572556326090{background-image: url(http:\/\/premiosinmobiliarios.com.mx\/wp-content\/uploads\/2019\/10\/piv2019_wordpress_home_background.jpg?id=26310) !important;background-position: center !important;background-repeat: no-repeat !important;background-size: cover !important;}&#8221;][vc_column][vc_row_inner][vc_column_inner width=&#8221;2\/3&#8243;][vc_empty_space height=&#8221;60px&#8221;][vc_column_text]<\/p>\n<h2><span style=\"color: #f4d93a;\">CONOCE A LOS FINALISTAS DE LA EDICI\u00d3N 2019<\/span><\/h2>\n<p>[\/vc_column_text][vc_column_text]Gracias a su esfuerzo y dedicaci\u00f3n as\u00ed como a la convocatoria de votaciones y validaci\u00f3n del jurado ellos son los agentes, oficinas y servicios m\u00e1s sobresalientes del sector inmobiliario de todo el pa\u00eds quienes se dar\u00e1n cita en la gala de premiaci\u00f3n donde se revelar\u00e1n los ganadores en cada una de las categor\u00edas.[\/vc_column_text][\/vc_column_inner][vc_column_inner width=&#8221;1\/3&#8243;][\/vc_column_inner][\/vc_row_inner][\/vc_column][\/vc_row][vc_section full_width=&#8221;stretch_row&#8221; css=&#8221;.vc_custom_1582743741791{background-color: #f7f7f7 !important;}&#8221;][vc_row][vc_column][vc_empty_space height=&#8221;30px&#8221;][\/vc_column][\/vc_row][vc_row][vc_column width=&#8221;1\/2&#8243;][vc_single_image image=&#8221;26314&#8243; img_size=&#8221;medium&#8221; alignment=&#8221;center&#8221;][vc_column_text css=&#8221;.vc_custom_1582740092790{background-color: #190729 !important;}&#8221;]<\/p>\n<h4 style=\"text-align: center;\"><span style=\"color: #ffffff; font-size: 10pt;\">MUJER INMOBILIARIA DEL A\u00d1O<\/span><\/h4>\n<p>[\/vc_column_text][vc_column_text]<\/p>\n<ul>\n<li class=\"p1\"><span style=\"color: #000000;\"><b>Alma Delia Gutierrez Dominguez<\/b><\/span><\/li>\n<li class=\"p1\"><span style=\"color: #000000;\"><b>Barbara Gaxoet<\/b><\/span><\/li>\n<li class=\"p1\"><span style=\"color: #000000;\"><b>Mar\u00eda\u00a0 del Pilar Garc\u00eda Menendez<\/b><\/span><\/li>\n<li class=\"p1\"><span style=\"color: #000000;\"><b>Sary Sutton Cattan<\/b><\/span><\/li>\n<li class=\"p1\"><span style=\"color: #000000;\"><b>Tayde Favila Soriano<\/b><\/span><\/li>\n<\/ul>\n<p>[\/vc_column_text][\/vc_column][vc_column width=&#8221;1\/2&#8243;][vc_single_image image=&#8221;26315&#8243; img_size=&#8221;medium&#8221; alignment=&#8221;center&#8221;][vc_column_text css=&#8221;.vc_custom_1582740245826{background-color: #190729 !important;}&#8221;]<\/p>\n<h4 style=\"text-align: center;\"><span style=\"color: #ffffff; font-size: 10pt;\">HOMBRE INMOBILIARIO DEL A\u00d1O<\/span><\/h4>\n<p>[\/vc_column_text][vc_column_text]<\/p>\n<ul>\n<li class=\"p1\"><span style=\"color: #000000;\"><b>Brando Daniel Angulo Ch\u00e1vez<\/b><\/span><\/li>\n<li class=\"p1\"><span style=\"color: #000000;\"><b>Fernando Aramouni<\/b><\/span><\/li>\n<li class=\"p1\"><span style=\"color: #000000;\"><b>Jorge Alberto Paredes Guerra<\/b><\/span><\/li>\n<li class=\"p1\"><span style=\"color: #000000;\"><b>Oscar Covarrubias Herrera<\/b><\/span><\/li>\n<li class=\"p1\"><span style=\"color: #000000;\"><b>Pedro Trueba de Torres<\/b><\/span><\/li>\n<\/ul>\n<p>[\/vc_column_text][\/vc_column][\/vc_row][vc_row][vc_column][vc_empty_space height=&#8221;30px&#8221;][\/vc_column][\/vc_row][\/vc_section][vc_section full_width=&#8221;stretch_row&#8221; css=&#8221;.vc_custom_1572572078818{background-color: #ffffff !important;}&#8221;][vc_row][vc_column width=&#8221;1\/3&#8243;][vc_single_image image=&#8221;26313&#8243; img_size=&#8221;medium&#8221; alignment=&#8221;center&#8221;][vc_column_text]<\/p>\n<p style=\"text-align: center;\"><span style=\"font-size: 14pt;\"><strong><span style=\"color: #190729;\">MEJOR OFICINA INMOBILIARIA POR REGI\u00d3N<\/span><\/strong><\/span><\/p>\n<p>[\/vc_column_text][\/vc_column][vc_column width=&#8221;1\/3&#8243;][vc_column_text css=&#8221;.vc_custom_1582739196232{background-color: #190729 !important;}&#8221;]<\/p>\n<h4 style=\"text-align: center;\"><span style=\"color: #ffffff; font-size: 10pt;\">CDMX<\/span><\/h4>\n<p>[\/vc_column_text][vc_column_text]<\/p>\n<ul>\n<li class=\"p1\"><span style=\"color: #000000;\"><b>Keller Williams M\u00e1s<\/b><\/span><\/li>\n<li class=\"p1\"><span style=\"color: #000000;\"><b>Luxury Habitat Real Estate<\/b><\/span><\/li>\n<li class=\"p1\"><span style=\"color: #000000;\"><b>Nexthome<\/b><\/span><\/li>\n<li class=\"p1\"><span style=\"color: #000000;\"><b>Trueba de Torres Inmobiliaria<\/b><\/span><\/li>\n<li class=\"p1\"><span style=\"color: #000000;\"><b>Your Home Inmobiliaria<\/b><\/span><\/li>\n<\/ul>\n<p>[\/vc_column_text][vc_column_text css=&#8221;.vc_custom_1582739257767{background-color: #190729 !important;}&#8221;]<\/p>\n<h4 style=\"text-align: center;\"><span style=\"color: #ffffff; font-size: 10pt;\">CENTRO<\/span><\/h4>\n<p>[\/vc_column_text][vc_column_text]<\/p>\n<ul>\n<li class=\"p1\"><span style=\"color: #000000;\"><b>Century 21 Lol y Asociados<\/b><\/span><\/li>\n<li class=\"p1\"><span style=\"color: #000000;\"><b>Century 21 BATIZ<\/b><\/span><\/li>\n<li class=\"p1\"><span style=\"color: #000000;\"><b>Coldwell Banker Villase\u00f1or<\/b><\/span><\/li>\n<li class=\"p1\"><span style=\"color: #000000;\"><b>KW Vistahermosa<\/b><\/span><\/li>\n<li class=\"p1\"><span style=\"color: #000000;\"><b>Rangel Innovaciones<\/b><\/span><\/li>\n<\/ul>\n<p>[\/vc_column_text][vc_column_text css=&#8221;.vc_custom_1582739232063{background-color: #190729 !important;}&#8221;]<\/p>\n<h4 style=\"text-align: center;\"><span style=\"color: #ffffff; font-size: 10pt;\">OCCIDENTE<\/span><\/h4>\n<p>[\/vc_column_text][vc_column_text]<\/p>\n<ul>\n<li class=\"p1\"><span style=\"color: #000000;\"><b>Century 21 Continental<\/b><\/span><\/li>\n<li class=\"p1\"><b style=\"color: #000000;\">Innova Negocios&nbsp; inmobiliarios<\/b><\/li>\n<li class=\"p1\"><b style=\"color: #000000;\">Keller Williams Allende<\/b><\/li>\n<li class=\"p1\"><span style=\"color: #000000;\"><b>Realty World Habitat<\/b><\/span><\/li>\n<li class=\"p1\"><span style=\"color: #000000;\"><b>Remax Si<\/b><\/span><\/li>\n<\/ul>\n<p>[\/vc_column_text][\/vc_column][vc_column width=&#8221;1\/3&#8243;][vc_column_text css=&#8221;.vc_custom_1582739266138{background-color: #190729 !important;}&#8221;]<\/p>\n<h4 style=\"text-align: center;\"><span style=\"color: #ffffff; font-size: 10pt;\">NORESTE<\/span><\/h4>\n<p>[\/vc_column_text][vc_column_text]<\/p>\n<ul>\n<li class=\"p1\"><span style=\"color: #000000;\"><b>Anchondo Bienes Ra\u00edces<\/b><\/span><\/li>\n<li class=\"p1\"><span style=\"color: #000000;\"><b>Creciendo Bienes Ra\u00edces<\/b><\/span><\/li>\n<li class=\"p1\"><span style=\"color: #000000;\"><b>Estrategias Inmobiliarias<\/b><\/span><\/li>\n<li class=\"p1\"><span style=\"color: #000000;\"><b>Huitr\u00f3n Asesores y Casas, Bienes Ra\u00edces<\/b><\/span><\/li>\n<li class=\"p1\"><span style=\"color: #000000;\"><b>Keller Williams Regio<\/b><\/span><\/li>\n<\/ul>\n<p>[\/vc_column_text][vc_column_text css=&#8221;.vc_custom_1582739274852{background-color: #190729 !important;}&#8221;]<\/p>\n<h4 style=\"text-align: center;\"><span style=\"color: #ffffff; font-size: 10pt;\">NOROESTE<\/span><\/h4>\n<p>[\/vc_column_text][vc_column_text]<\/p>\n<ul>\n<li class=\"p1\"><span style=\"color: #000000;\"><b>Enlaces Inmobiliarios BCS<\/b><\/span><\/li>\n<li class=\"p1\"><span style=\"color: #000000;\"><b>Keller Williams Centinela<\/b><\/span><\/li>\n<li class=\"p1\"><span style=\"color: #000000;\"><b>Next Bienes Ra\u00edces<\/b><\/span><\/li>\n<li class=\"p1\"><span style=\"color: #000000;\"><b>Realty Homes<\/b><\/span><\/li>\n<li class=\"p1\"><span style=\"color: #000000;\"><b>Tu Casa Cabo<\/b><\/span><\/li>\n<\/ul>\n<p>[\/vc_column_text][vc_column_text css=&#8221;.vc_custom_1582739240092{background-color: #190729 !important;}&#8221;]<\/p>\n<h4 style=\"text-align: center;\"><span style=\"color: #ffffff; font-size: 10pt;\">SURESTE<\/span><\/h4>\n<p>[\/vc_column_text][vc_column_text]<\/p>\n<ul>\n<li class=\"p1\"><span style=\"color: #000000;\"><b>Babel Group\u00a0<\/b><\/span><\/li>\n<li class=\"p1\"><b style=\"color: #000000;\">Century 21 Caribbean Paradise<\/b><\/li>\n<li class=\"p1\"><b style=\"color: #000000;\">Cogam<\/b><\/li>\n<li class=\"p1\"><span style=\"color: #000000;\"><b>Keller Williams Breeze<\/b><\/span><\/li>\n<li class=\"p1\"><span style=\"color: #000000;\"><b>Mayakin Asesor\u00eda inmobiliaria<\/b><\/span><\/li>\n<\/ul>\n<p>[\/vc_column_text][\/vc_column][\/vc_row][vc_row][vc_column][vc_empty_space height=&#8221;30px&#8221;][\/vc_column][\/vc_row][\/vc_section][vc_section full_width=&#8221;stretch_row&#8221; css=&#8221;.vc_custom_1572623682680{background-color: #f7f7f7 !important;}&#8221;][vc_row][vc_column][vc_empty_space height=&#8221;30px&#8221;][\/vc_column][\/vc_row][vc_row][vc_column width=&#8221;1\/3&#8243;][vc_single_image image=&#8221;26328&#8243; img_size=&#8221;medium&#8221; alignment=&#8221;center&#8221;][vc_column_text]<\/p>\n<p style=\"text-align: center;\"><span style=\"font-size: 14pt;\"><strong><span style=\"color: #190729;\">MEJORES SERVICIOS<\/span><\/strong><\/span><\/p>\n<p>[\/vc_column_text][\/vc_column][vc_column width=&#8221;1\/3&#8243;][vc_column_text css=&#8221;.vc_custom_1572886499306{background-color: #190729 !important;}&#8221;]<\/p>\n<h4 style=\"text-align: center;\"><span style=\"color: #ffffff; font-size: 10pt;\">Mejor sistema tecnol\u00f3gico<\/span><\/h4>\n<p>[\/vc_column_text][vc_column_text]<\/p>\n<ul>\n<li class=\"p1\"><span style=\"color: #000000;\"><span style=\"color: #000000;\"><b>EasyBroker<\/b><\/span><\/span><\/li>\n<li><span style=\"color: #000000;\"><strong>Noc Nok<\/strong><\/span><\/li>\n<li><span style=\"color: #000000;\"><strong>Redus<\/strong><\/span><\/li>\n<li><span style=\"color: #000000;\"><strong>Tokko Broker<\/strong><\/span><\/li>\n<li><span style=\"color: #000000;\"><strong>Wasi<\/strong><\/span><\/li>\n<\/ul>\n<p>[\/vc_column_text][vc_empty_space height=&#8221;30px&#8221;][vc_column_text css=&#8221;.vc_custom_1572886512656{background-color: #190729 !important;}&#8221;]<\/p>\n<h4 style=\"text-align: center;\"><span style=\"font-size: 10pt; color: #ffffff;\">MEJOR SISTEMA EDUCATIVO Y CENTRO CERTIFICADOR<\/span><\/h4>\n<p>[\/vc_column_text][vc_column_text]<\/p>\n<ul>\n<li class=\"p1\"><span style=\"color: #000000;\"><strong><span style=\"color: #000000;\">CCIE AMPI<\/span><\/strong><\/span><\/li>\n<li><span style=\"color: #000000;\"><strong>KW University<\/strong><\/span><\/li>\n<li><span style=\"color: #000000;\"><strong>C21 Universidad<\/strong><\/span><\/li>\n<li><span style=\"color: #000000;\"><strong>REMAX Universidad<\/strong><\/span><\/li>\n<li><span style=\"color: #000000;\"><strong>Coldwell Banker Universidad<\/strong><\/span><\/li>\n<\/ul>\n<p>[\/vc_column_text][vc_empty_space height=&#8221;30px&#8221;][vc_column_text css=&#8221;.vc_custom_1572886525441{background-color: #190729 !important;}&#8221;]<\/p>\n<h4 style=\"text-align: center;\"><span style=\"color: #ffffff; font-size: 10pt;\">Mejor medio de comunicaci\u00f3n impreso<\/span><\/h4>\n<p>[\/vc_column_text][vc_column_text]<\/p>\n<ul>\n<li><span style=\"color: #000000;\"><strong>Inmobiliare<\/strong><\/span><\/li>\n<li class=\"p1\"><span style=\"color: #000000;\"><strong>Real Estate &amp; Market<\/strong><\/span><\/li>\n<li class=\"p1\"><span style=\"color: #000000;\"><strong>Suplemento Inmobiliario (El Financiero)<\/strong><\/span><\/li>\n<li class=\"p1\"><span style=\"color: #000000;\"><strong>El Profesional Inmobiliario<\/strong><\/span><\/li>\n<li class=\"p1\"><span style=\"color: #000000;\"><strong>Obras<\/strong><\/span><\/li>\n<\/ul>\n<p>[\/vc_column_text][vc_empty_space height=&#8221;30px&#8221;][vc_column_text css=&#8221;.vc_custom_1572886539613{background-color: #190729 !important;}&#8221;]<\/p>\n<h4 style=\"text-align: center;\"><span style=\"color: #ffffff; font-size: 10pt;\">Mejor medio de comunicaci\u00f3n digital-electr\u00f3nico<\/span><\/h4>\n<p>[\/vc_column_text][vc_column_text]<\/p>\n<ul>\n<li><span style=\"color: #000000;\"><strong><span style=\"color: #000000;\">Grupo En Concreto<\/span><\/strong><\/span><\/li>\n<li><span style=\"color: #000000;\"><strong>Pulso Inmobiliario<\/strong><\/span><\/li>\n<li><span style=\"color: #000000;\"><strong>Mundo Inmobiliario<\/strong><\/span><\/li>\n<li><span style=\"color: #000000;\"><strong>EL CEO (elceo.com)<\/strong><\/span><\/li>\n<li><span style=\"color: #000000;\"><strong>Centro Urbano<\/strong><\/span><\/li>\n<\/ul>\n<p>[\/vc_column_text][vc_empty_space height=&#8221;30px&#8221;][vc_column_text css=&#8221;.vc_custom_1572886553718{background-color: #190729 !important;}&#8221;]<\/p>\n<h4 style=\"text-align: center;\"><span style=\"color: #ffffff; font-size: 10pt;\">Servicios Hipotecarios Bancarios<\/span><\/h4>\n<p>[\/vc_column_text][vc_column_text]<\/p>\n<ul>\n<li class=\"p1\"><span style=\"color: #000000;\"><span style=\"color: #000000;\"><b>Scotiabank<\/b><\/span><\/span><\/li>\n<li><span style=\"color: #000000;\"><strong>Santander<\/strong><\/span><\/li>\n<li><span style=\"color: #000000;\"><strong>BBVA<\/strong><\/span><\/li>\n<li><span style=\"color: #000000;\"><strong>Banorte<\/strong><\/span><\/li>\n<li><span style=\"color: #000000;\"><strong>HSBC<\/strong><\/span><\/li>\n<\/ul>\n<p>[\/vc_column_text][vc_empty_space height=&#8221;30px&#8221;][\/vc_column][vc_column width=&#8221;1\/3&#8243;][vc_column_text css=&#8221;.vc_custom_1574372656242{background-color: #190729 !important;}&#8221;]<\/p>\n<h4 style=\"text-align: center;\"><span style=\"color: #ffffff; font-size: 10pt;\">Mejor empresa de financiamiento hipotecario<\/span><\/h4>\n<p>[\/vc_column_text][vc_column_text]<\/p>\n<ul>\n<li class=\"p1\"><span style=\"color: #000000;\"><strong><span style=\"color: #000000;\">Tu Hipoteca F\u00e1cil<\/span><\/strong><\/span><\/li>\n<li><span style=\"color: #000000;\"><strong>Enlace Hipotecario<\/strong><\/span><\/li>\n<li><span style=\"color: #000000;\"><strong>SOC<\/strong><\/span><\/li>\n<li><span style=\"color: #000000;\"><strong>Creditaria<\/strong><\/span><\/li>\n<li><span style=\"color: #000000;\"><strong>ION<\/strong><\/span><\/li>\n<\/ul>\n<p>[\/vc_column_text][vc_empty_space height=&#8221;30px&#8221;][vc_column_text css=&#8221;.vc_custom_1572886577546{background-color: #190729 !important;}&#8221;]<\/p>\n<h4 style=\"text-align: center;\"><span style=\"color: #ffffff; font-size: 10pt;\">Mejor Franquicia<\/span><\/h4>\n<p>[\/vc_column_text][vc_column_text]<\/p>\n<ul>\n<li class=\"p1\"><span style=\"color: #000000;\"><strong><span style=\"color: #000000;\">Century 21<\/span><\/strong><\/span><\/li>\n<li><span style=\"color: #000000;\"><strong>KW M\u00e9xico<\/strong><\/span><\/li>\n<li><span style=\"color: #000000;\"><strong>REMAX<\/strong><\/span><\/li>\n<li><span style=\"color: #000000;\"><strong>Quality<\/strong><\/span><\/li>\n<li><span style=\"color: #000000;\"><strong>Coldwell Banker<\/strong><\/span><\/li>\n<\/ul>\n<p>[\/vc_column_text][vc_empty_space height=&#8221;30px&#8221;][vc_column_text css=&#8221;.vc_custom_1572886590627{background-color: #190729 !important;}&#8221;]<\/p>\n<h4 style=\"text-align: center;\"><span style=\"color: #ffffff; font-size: 10pt;\">Mejor desarrollador inmobiliario<\/span><\/h4>\n<p>[\/vc_column_text][vc_column_text]<\/p>\n<ul>\n<li class=\"p1\"><span style=\"color: #000000;\"><strong><span style=\"color: #000000;\">Jos\u00e9 (Pepe Shabot) de Quiero Casa<\/span><\/strong><\/span><\/li>\n<li><span style=\"color: #000000;\"><strong>Sylvia Rico Moreno, Directora de Grupo Rico<\/strong><\/span><\/li>\n<li><span style=\"color: #000000;\"><strong>Hugo Tostado Mart\u00ednez de BOS Estrategia Inmobiliaria<\/strong><\/span><\/li>\n<li><span style=\"color: #000000;\"><strong>Pablo Barrag\u00e1n de Grupo Teca M\u00e9rida<\/strong><\/span><\/li>\n<li><span style=\"color: #000000;\"><strong>Vicente Rangel Mancilla de RANMAN<\/strong><\/span><\/li>\n<\/ul>\n<p>[\/vc_column_text][vc_empty_space height=&#8221;30px&#8221;][vc_column_text css=&#8221;.vc_custom_1572886605145{background-color: #190729 !important;}&#8221;]<\/p>\n<h4 style=\"text-align: center;\"><span style=\"font-size: 10pt; color: #ffffff;\">Mejor Firma Desarrolladora<\/span><\/h4>\n<p>[\/vc_column_text][vc_column_text]<\/p>\n<ul>\n<li class=\"p1\"><span style=\"color: #000000;\"><strong>Pulso Inmobiliario<\/strong><\/span><\/li>\n<li><span style=\"color: #000000;\"><strong>Quiero Casa<\/strong><\/span><\/li>\n<li><span style=\"color: #000000;\"><strong>M&amp;M Consultores Inmobiliarios<\/strong><\/span><\/li>\n<li><span style=\"color: #000000;\"><strong>Kelman Desarrollos<\/strong><\/span><\/li>\n<li><span style=\"color: #000000;\"><strong>BOS Estrategia Inmobiliaria &#8211; NOVA HABITA<\/strong><\/span><\/li>\n<\/ul>\n<p>[\/vc_column_text][vc_empty_space height=&#8221;30px&#8221;][vc_column_text css=&#8221;.vc_custom_1595432885542{background-color: #190729 !important;}&#8221;]<\/p>\n<h4 style=\"text-align: center;\"><span style=\"font-size: 10pt; color: #ffffff;\">Programas y apoyo del sector gobierno federal<\/span><\/h4>\n<p>[\/vc_column_text][vc_column_text]<\/p>\n<ul>\n<li class=\"p1\"><span style=\"color: #000000;\"><strong>INFONAVIT<\/strong><\/span><\/li>\n<li><span style=\"color: #000000;\"><strong>FOVISSSTE<\/strong><\/span><\/li>\n<li><span style=\"color: #000000;\"><strong>CONAVI<\/strong><\/span><\/li>\n<li><span style=\"color: #000000;\"><strong>SHF<\/strong><\/span><\/li>\n<li><span style=\"color: #000000;\"><strong>SEDATU<\/strong><\/span><\/li>\n<\/ul>\n<p>[\/vc_column_text][vc_empty_space height=&#8221;30px&#8221;][\/vc_column][\/vc_row][vc_row][vc_column][vc_empty_space height=&#8221;30px&#8221;][\/vc_column][\/vc_row][\/vc_section][vc_section full_width=&#8221;stretch_row&#8221; css=&#8221;.vc_custom_1572626059361{background-image: url(http:\/\/premiosinmobiliarios.com.mx\/wp-content\/uploads\/2019\/10\/piv2019_wordpress_home_background.jpg?id=26310) !important;background-position: center !important;background-repeat: no-repeat !important;background-size: cover !important;}&#8221;][vc_row][vc_column][vc_empty_space height=&#8221;30px&#8221;][vc_column_text]<\/p>\n<h2 style=\"text-align: center;\"><span style=\"color: #ffffff;\">PREMIOS POR TRAYECTORIA Y APOYO AL SECTOR<\/span><\/h2>\n<p>[\/vc_column_text][vc_empty_space height=&#8221;30px&#8221;][\/vc_column][\/vc_row][\/vc_section][vc_section full_width=&#8221;stretch_row&#8221; css=&#8221;.vc_custom_1572623682680{background-color: #f7f7f7 !important;}&#8221;][vc_row][vc_column][vc_empty_space height=&#8221;30px&#8221;][vc_column_text]<\/p>\n<p style=\"text-align: center;\"><span style=\"font-size: 18pt;\"><strong><span style=\"color: #190729;\">PREMIO HONORARIO<\/span><\/strong><\/span><\/p>\n<p>[\/vc_column_text][\/vc_column][\/vc_row][vc_row][vc_column width=&#8221;1\/2&#8243;][vc_single_image image=&#8221;26353&#8243; img_size=&#8221;medium&#8221; alignment=&#8221;center&#8221;][vc_column_text css=&#8221;.vc_custom_1582741358633{background-color: #190729 !important;}&#8221;]<\/p>\n<h4 style=\"text-align: center;\"><span style=\"color: #ffffff; font-size: 10pt;\">MARIEL ZU\u00d1IGA DE&nbsp; GRUPO EN CONCRETO<\/span><\/h4>\n<p>[\/vc_column_text][vc_column_text]<\/p>\n<p style=\"text-align: center;\"><span style=\"color: #190729;\">Mariel Z\u00fa\u00f1iga, Directora General de Grupo En Concreto especializada en vivienda, inmobiliario, turismo y construcci\u00f3n; ser\u00e1 reconocida por su trayectoria de m\u00e1s de 25 a\u00f1os como periodista en el sector inmobiliario y de vivienda.<\/span><\/p>\n<p>[\/vc_column_text][\/vc_column][vc_column width=&#8221;1\/2&#8243;][vc_single_image image=&#8221;26352&#8243; img_size=&#8221;medium&#8221; alignment=&#8221;center&#8221;][vc_column_text css=&#8221;.vc_custom_1582741385483{background-color: #190729 !important;}&#8221;]<\/p>\n<h4 style=\"text-align: center;\"><span style=\"color: #ffffff; font-size: 10pt;\">CONSTRUYENDO Y CRECIENDO A.C.<\/span><\/h4>\n<p>[\/vc_column_text][vc_column_text]<\/p>\n<p style=\"text-align: center;\"><span style=\"color: #190729;\">Construyendo y Creciendo est\u00e1 cambiando la realidad de los trabajadores de la construcci\u00f3n brind\u00e1ndoles desarrollo personal y profesional que incide en su calidad de vida y al mismo tiempo, ofrece un cambio social positivo en su c\u00edrculo cercano.<\/span><\/p>\n<p>[\/vc_column_text][vc_empty_space height=&#8221;30px&#8221;][\/vc_column][\/vc_row][vc_row][vc_column][vc_empty_space height=&#8221;30px&#8221;][\/vc_column][\/vc_row][\/vc_section]<\/p>\n","protected":false},"excerpt":{"rendered":"<p>[vc_row full_width=&#8221;stretch_row&#8221; css=&#8221;.vc_custom_1572556326090{background-image: url(http:\/\/premiosinmobiliarios.com.mx\/wp-content\/uploads\/2019\/10\/piv2019_wordpress_home_background.jpg?id=26310) !important;background-position: center !important;background-repeat: no-repeat !important;background-size: cover !important;}&#8221;][vc_column][vc_row_inner][vc_column_inner width=&#8221;2\/3&#8243;][vc_empty_space height=&#8221;60px&#8221;][vc_column_text] CONOCE A LOS FINALISTAS DE LA EDICI\u00d3N&#8230;<\/p>\n","protected":false},"author":2,"featured_media":0,"parent":0,"menu_order":7,"comment_status":"closed","ping_status":"closed","template":"","meta":[],"_links":{"self":[{"href":"https:\/\/premiosinmobiliarios.com.mx\/index.php?rest_route=\/wp\/v2\/pages\/26351"}],"collection":[{"href":"https:\/\/premiosinmobiliarios.com.mx\/index.php?rest_route=\/wp\/v2\/pages"}],"about":[{"href":"https:\/\/premiosinmobiliarios.com.mx\/index.php?rest_route=\/wp\/v2\/types\/page"}],"author":[{"embeddable":true,"href":"https:\/\/premiosinmobiliarios.com.mx\/index.php?rest_route=\/wp\/v2\/users\/2"}],"replies":[{"embeddable":true,"href":"https:\/\/premiosinmobiliarios.com.mx\/index.php?rest_route=%2Fwp%2Fv2%2Fcomments&post=26351"}],"version-history":[{"count":0,"href":"https:\/\/premiosinmobiliarios.com.mx\/index.php?rest_route=\/wp\/v2\/pages\/26351\/revisions"}],"wp:attachment":[{"href":"https:\/\/premiosinmobiliarios.com.mx\/index.php?rest_route=%2Fwp%2Fv2%2Fmedia&parent=26351"}],"curies":[{"name":"wp","href":"https:\/\/api.w.org\/{rel}","templated":true}]}}