{"id":26343,"date":"2019-11-04T10:43:53","date_gmt":"2019-11-04T16:43:53","guid":{"rendered":"http:\/\/premiosinmobiliarios.com.mx\/?page_id=26343"},"modified":"2020-08-06T20:38:40","modified_gmt":"2020-08-07T02:38:40","slug":"jurado2019","status":"publish","type":"page","link":"https:\/\/premiosinmobiliarios.com.mx\/?page_id=26343","title":{"rendered":"Jurado"},"content":{"rendered":"<p>[vc_section full_width=&#8221;stretch_row&#8221; css=&#8221;.vc_custom_1572646762758{background-image: url(http:\/\/premiosinmobiliarios.com.mx\/wp-content\/uploads\/2019\/10\/piv2019_wordpress_home_background.jpg?id=26310) !important;background-position: center !important;background-repeat: no-repeat !important;background-size: cover !important;}&#8221;][vc_row][vc_column width=&#8221;2\/3&#8243;][vc_empty_space height=&#8221;60px&#8221;][vc_column_text]<\/p>\n<h2><span style=\"color: #f4d93a;\">JURADO<\/span><\/h2>\n<p>[\/vc_column_text][vc_column_text]<\/p>\n<p class=\"p1\"><span style=\"color: #ffffff;\">Los participantes ser\u00e1n juzgados por un equipo altamente experimentado de profesionales que cubren una variedad de disciplinas relacionadas a la industria. El jurado utilizar\u00e1 criterios s\u00f3lidos para asegurar que el proceso sea equitativo e imparcial. La decisi\u00f3n final sobre todos los premios se dejar\u00e1 al panel de jueces, en combinaci\u00f3n con los votos ponderados del p\u00fablico en general.<\/span><\/p>\n<p>[\/vc_column_text][vc_empty_space height=&#8221;60px&#8221;][\/vc_column][vc_column width=&#8221;1\/3&#8243;][\/vc_column][\/vc_row][vc_row][vc_column][vc_row_inner][vc_column_inner width=&#8221;1\/3&#8243;][vc_single_image image=&#8221;26356&#8243; img_size=&#8221;medium&#8221; alignment=&#8221;center&#8221;][vc_column_text]<\/p>\n<p class=\"p1\" style=\"text-align: center;\"><span style=\"color: #ffffff;\">Alejandro Kuri Pheres<\/span><\/p>\n<p>[\/vc_column_text][\/vc_column_inner][vc_column_inner width=&#8221;1\/3&#8243;][vc_single_image image=&#8221;26357&#8243; img_size=&#8221;medium&#8221; alignment=&#8221;center&#8221;][vc_column_text]<\/p>\n<p class=\"p1\" style=\"text-align: center;\"><span style=\"color: #ffffff;\">Moises Brand &#8211; Maymon<\/span><\/p>\n<p>[\/vc_column_text][\/vc_column_inner][vc_column_inner width=&#8221;1\/3&#8243;][vc_single_image image=&#8221;26380&#8243; img_size=&#8221;medium&#8221; alignment=&#8221;center&#8221;][vc_column_text]<\/p>\n<p class=\"p1\" style=\"text-align: center;\"><span style=\"color: #ffffff;\">\u00c1ngel Vald\u00e9s Padilla<\/span><\/p>\n<p>[\/vc_column_text][\/vc_column_inner][\/vc_row_inner][vc_row_inner][vc_column_inner width=&#8221;1\/3&#8243;][vc_single_image image=&#8221;26359&#8243; img_size=&#8221;medium&#8221; alignment=&#8221;center&#8221;][vc_column_text]<\/p>\n<p class=\"p1\" style=\"text-align: center;\"><span style=\"color: #ffffff;\">Mater de la Mora<\/span><\/p>\n<p>[\/vc_column_text][\/vc_column_inner][vc_column_inner width=&#8221;1\/3&#8243;][vc_single_image image=&#8221;26360&#8243; img_size=&#8221;medium&#8221; alignment=&#8221;center&#8221;][vc_column_text]<\/p>\n<p class=\"p1\" style=\"text-align: center;\"><span style=\"color: #ffffff;\">Arlette Flores<\/span><\/p>\n<p>[\/vc_column_text][\/vc_column_inner][vc_column_inner width=&#8221;1\/3&#8243;][vc_single_image image=&#8221;26361&#8243; img_size=&#8221;medium&#8221; alignment=&#8221;center&#8221;][vc_column_text]<\/p>\n<p class=\"p1\" style=\"text-align: center;\"><span style=\"color: #ffffff;\">Sergio G\u00f3mez R\u00e1bago<\/span><\/p>\n<p>[\/vc_column_text][\/vc_column_inner][\/vc_row_inner][vc_row_inner][vc_column_inner width=&#8221;1\/3&#8243;][vc_single_image image=&#8221;26362&#8243; img_size=&#8221;medium&#8221; alignment=&#8221;center&#8221;][vc_column_text]<\/p>\n<p class=\"p1\" style=\"text-align: center;\"><span style=\"color: #ffffff;\">Jorge Carbonell<\/span><\/p>\n<p>[\/vc_column_text][\/vc_column_inner][vc_column_inner width=&#8221;1\/3&#8243;][vc_single_image image=&#8221;26363&#8243; img_size=&#8221;medium&#8221; alignment=&#8221;center&#8221;][vc_column_text]<\/p>\n<p class=\"p1\" style=\"text-align: center;\"><span style=\"color: #ffffff;\">Paty Cabieses<\/span><\/p>\n<p>[\/vc_column_text][\/vc_column_inner][vc_column_inner width=&#8221;1\/3&#8243;][vc_single_image image=&#8221;26364&#8243; img_size=&#8221;medium&#8221; alignment=&#8221;center&#8221;][vc_column_text]<\/p>\n<p class=\"p1\" style=\"text-align: center;\"><span style=\"color: #ffffff;\">Gerardo Contreras<\/span><\/p>\n<p>[\/vc_column_text][\/vc_column_inner][\/vc_row_inner][vc_empty_space height=&#8221;60px&#8221;][\/vc_column][\/vc_row][\/vc_section][vc_section full_width=&#8221;stretch_row&#8221; css=&#8221;.vc_custom_1572647750466{background-image: url(http:\/\/premiosinmobiliarios.com.mx\/wp-content\/uploads\/2019\/03\/2_PVIVA-390.jpg?id=26098) !important;background-position: center !important;background-repeat: no-repeat !important;background-size: cover !important;}&#8221;][vc_row css=&#8221;.vc_custom_1572647917761{background-color: rgba(25,7,41,0.84) !important;*background-color: rgb(25,7,41) !important;}&#8221;][vc_column][vc_empty_space height=&#8221;30px&#8221;][vc_column_text]<\/p>\n<h2 style=\"text-align: center;\"><span style=\"color: #f4d93a;\">LOS GANADORES YA EST\u00c1N AQU\u00cd<\/span><\/h2>\n<p>[\/vc_column_text][vc_empty_space height=&#8221;30px&#8221;][vc_btn title=&#8221;CON\u00d3CELOS&#8221; style=&#8221;gradient-custom&#8221; gradient_custom_color_1=&#8221;#ffaa00&#8243; gradient_custom_color_2=&#8221;#fbeca9&#8243; gradient_text_color=&#8221;#190729&#8243; shape=&#8221;square&#8221; size=&#8221;lg&#8221; align=&#8221;center&#8221; i_align=&#8221;right&#8221; i_icon_fontawesome=&#8221;fa fa-angle-right&#8221; add_icon=&#8221;true&#8221; link=&#8221;url:http%3A%2F%2Fpremiosinmobiliarios.com.mx%2Fganadores2019%2F|title:Finalistas||&#8221;][vc_empty_space height=&#8221;30px&#8221;][\/vc_column][\/vc_row][vc_row][vc_column][vc_empty_space height=&#8221;30px&#8221;][\/vc_column][\/vc_row][\/vc_section]<\/p>\n","protected":false},"excerpt":{"rendered":"<p>[vc_section full_width=&#8221;stretch_row&#8221; css=&#8221;.vc_custom_1572646762758{background-image: url(http:\/\/premiosinmobiliarios.com.mx\/wp-content\/uploads\/2019\/10\/piv2019_wordpress_home_background.jpg?id=26310) !important;background-position: center !important;background-repeat: no-repeat !important;background-size: cover !important;}&#8221;][vc_row][vc_column width=&#8221;2\/3&#8243;][vc_empty_space height=&#8221;60px&#8221;][vc_column_text] JURADO [\/vc_column_text][vc_column_text] Los participantes ser\u00e1n juzgados por&#8230;<\/p>\n","protected":false},"author":2,"featured_media":0,"parent":0,"menu_order":10,"comment_status":"closed","ping_status":"closed","template":"","meta":[],"_links":{"self":[{"href":"https:\/\/premiosinmobiliarios.com.mx\/index.php?rest_route=\/wp\/v2\/pages\/26343"}],"collection":[{"href":"https:\/\/premiosinmobiliarios.com.mx\/index.php?rest_route=\/wp\/v2\/pages"}],"about":[{"href":"https:\/\/premiosinmobiliarios.com.mx\/index.php?rest_route=\/wp\/v2\/types\/page"}],"author":[{"embeddable":true,"href":"https:\/\/premiosinmobiliarios.com.mx\/index.php?rest_route=\/wp\/v2\/users\/2"}],"replies":[{"embeddable":true,"href":"https:\/\/premiosinmobiliarios.com.mx\/index.php?rest_route=%2Fwp%2Fv2%2Fcomments&post=26343"}],"version-history":[{"count":0,"href":"https:\/\/premiosinmobiliarios.com.mx\/index.php?rest_route=\/wp\/v2\/pages\/26343\/revisions"}],"wp:attachment":[{"href":"https:\/\/premiosinmobiliarios.com.mx\/index.php?rest_route=%2Fwp%2Fv2%2Fmedia&parent=26343"}],"curies":[{"name":"wp","href":"https:\/\/api.w.org\/{rel}","templated":true}]}}