{"id":26326,"date":"2019-11-01T10:50:12","date_gmt":"2019-11-01T16:50:12","guid":{"rendered":"http:\/\/premiosinmobiliarios.com.mx\/?page_id=26326"},"modified":"2020-08-06T21:03:18","modified_gmt":"2020-08-07T03:03:18","slug":"premiacion2019","status":"publish","type":"page","link":"https:\/\/premiosinmobiliarios.com.mx\/?page_id=26326","title":{"rendered":"Premiaci\u00f3n"},"content":{"rendered":"<p>[vc_row full_width=&#8221;stretch_row&#8221; css=&#8221;.vc_custom_1572556326090{background-image: url(http:\/\/premiosinmobiliarios.com.mx\/wp-content\/uploads\/2019\/10\/piv2019_wordpress_home_background.jpg?id=26310) !important;background-position: center !important;background-repeat: no-repeat !important;background-size: cover !important;}&#8221;][vc_column][vc_row_inner][vc_column_inner width=&#8221;2\/3&#8243;][vc_empty_space height=&#8221;60px&#8221;][vc_column_text]<\/p>\n<h2><span style=\"color: #f4d93a;\">20 PREMIOS<\/span><\/h2>\n<p>[\/vc_column_text][vc_column_text]Vivanuncios reconocer\u00e1 a profesionales individuales y agencias sobresalientes en la industria en M\u00e9xico as\u00ed como servicios que facilitan y mejoran la productividad de la labor inmobiliaria.<\/p>\n<p>Los participantes ser\u00e1n juzgados por un equipo de profesionales altamente experimentado utilizando criterios s\u00f3lidos para asegurar que el proceso sea equitativo e imparcial.[\/vc_column_text][\/vc_column_inner][vc_column_inner width=&#8221;1\/3&#8243;][\/vc_column_inner][\/vc_row_inner][\/vc_column][\/vc_row][vc_section full_width=&#8221;stretch_row&#8221; css=&#8221;.vc_custom_1572572078818{background-color: #ffffff !important;}&#8221;][vc_row css=&#8221;.vc_custom_1572627619863{background-color: #f7f7f7 !important;}&#8221;][vc_column][vc_column_text]<\/p>\n<h2 style=\"text-align: center;\">CATEGOR\u00cdAS A VOTAR<\/h2>\n<p>[\/vc_column_text][\/vc_column][\/vc_row][vc_row][vc_column width=&#8221;1\/4&#8243;][vc_single_image image=&#8221;26313&#8243; img_size=&#8221;medium&#8221; alignment=&#8221;center&#8221;][vc_column_text]<\/p>\n<p style=\"text-align: center;\"><span style=\"font-size: 14pt;\"><strong><span style=\"color: #190729;\">MEJOR OFICINA INMOBILIARIA POR REGI\u00d3N<\/span><\/strong><\/span><\/p>\n<p>[\/vc_column_text][vc_btn title=&#8221;FINALISTAS&#8221; style=&#8221;gradient-custom&#8221; gradient_custom_color_1=&#8221;#ffaa00&#8243; gradient_custom_color_2=&#8221;#fbeca9&#8243; gradient_text_color=&#8221;#190729&#8243; shape=&#8221;square&#8221; size=&#8221;lg&#8221; align=&#8221;center&#8221; i_align=&#8221;right&#8221; i_icon_fontawesome=&#8221;fa fa-angle-right&#8221; add_icon=&#8221;true&#8221; link=&#8221;url:http%3A%2F%2Fpremiosinmobiliarios.com.mx%2Ffinalistas2019%2F|||&#8221;][\/vc_column][vc_column width=&#8221;3\/4&#8243;][vc_column_text css=&#8221;.vc_custom_1579125223289{background-position: center !important;background-repeat: no-repeat !important;background-size: contain !important;}&#8221;]<span style=\"color: #000000;\">El p\u00fablico en general y profesionales inmobiliarios pueden votar por aquella oficina inmobiliaria que consideren merece ser reconocida por su desempe\u00f1o, trato al cliente, generaci\u00f3n de negocio y liderazgo.<\/span>[\/vc_column_text][vc_column_text]<strong><span style=\"color: #000000;\">Regiones:<\/span><\/strong><\/p>\n<ul>\n<li class=\"p1\"><strong><span style=\"color: #000000;\">CDMX<\/span><\/strong><\/li>\n<li class=\"p1\"><span style=\"color: #000000;\"><strong>Noroeste<\/strong>: Baja California, Baja California Sur, Sonora, Sinaloa y Chihuahua<\/span><\/li>\n<li class=\"p1\"><span style=\"color: #000000;\"><strong>Noreste<\/strong>: Coahuila, Durango, Nuevo Le\u00f3n, San Luis Potos\u00ed y Tamaulipas<\/span><\/li>\n<li class=\"p1\"><span style=\"color: #000000;\"><strong>Occidente<\/strong>: Aguascalientes, Colima, Guanajuato, Jalisco, Michoac\u00e1n, Nayarit, Quer\u00e9taro y Zacatecas<\/span><\/li>\n<li class=\"p1\"><span style=\"color: #000000;\"><strong>Centro<\/strong>: Estado de M\u00e9xico, Guerrero, Hidalgo, Morelos, Puebla y Tlaxcala<\/span><\/li>\n<li class=\"p1\"><span style=\"color: #000000;\"><strong>Sureste<\/strong>: Campeche, Chiapas, Oaxaca, Quintana Roo, Tabasco, Veracruz y Yucat\u00e1n<\/span><\/li>\n<\/ul>\n<p>[\/vc_column_text][vc_empty_space height=&#8221;30px&#8221;][vc_row_inner css=&#8221;.vc_custom_1572627795843{background-color: #f7f7f7 !important;}&#8221;][vc_column_inner][vc_column_text]<\/p>\n<h4><span style=\"color: #000000;\">Requisitos:<\/span><\/h4>\n<ul>\n<li><span style=\"color: #000000;\">El titular de la oficina debe contar con al menos 5 a\u00f1os de trayectoria en el sector inmobiliario<\/span><\/li>\n<li><span style=\"color: #000000;\">La oficina debe tener por lo menos 5 a\u00f1os de antig\u00fcedad<\/span><\/li>\n<li><span style=\"color: #000000;\">Contar con al menos 5 agentes inmobiliarios<\/span><\/li>\n<li><span style=\"color: #000000;\">Al menos 5 de sus agentes inmobiliarios deben contar con la certificaci\u00f3n EC0110.01 Asesori\u0301a en Comercializacio\u0301n de Bienes Rai\u0301ces<\/span><\/li>\n<li><span style=\"color: #000000;\">Pertenecer a alguna Asociaci\u00f3n con c\u00f3digo de \u00e9tica<\/span><\/li>\n<\/ul>\n<p>[\/vc_column_text][\/vc_column_inner][\/vc_row_inner][\/vc_column][\/vc_row][vc_row][vc_column][vc_empty_space height=&#8221;30px&#8221;][\/vc_column][\/vc_row][\/vc_section][vc_section full_width=&#8221;stretch_row&#8221; css=&#8221;.vc_custom_1572572866696{background-color: #f7f7f7 !important;}&#8221;][vc_row][vc_column][vc_empty_space height=&#8221;30px&#8221;][\/vc_column][\/vc_row][vc_row][vc_column width=&#8221;1\/4&#8243;][vc_single_image image=&#8221;26314&#8243; img_size=&#8221;medium&#8221; alignment=&#8221;center&#8221;][vc_column_text]<\/p>\n<p style=\"text-align: center;\"><span style=\"font-size: 14pt;\"><strong><span style=\"color: #190729;\">MUJER INMOBILIARIA DEL A\u00d1O<\/span><\/strong><\/span><\/p>\n<p>[\/vc_column_text][vc_btn title=&#8221;FINALISTAS&#8221; style=&#8221;gradient-custom&#8221; gradient_custom_color_1=&#8221;#ffaa00&#8243; gradient_custom_color_2=&#8221;#fbeca9&#8243; gradient_text_color=&#8221;#190729&#8243; shape=&#8221;square&#8221; size=&#8221;lg&#8221; align=&#8221;center&#8221; i_align=&#8221;right&#8221; i_icon_fontawesome=&#8221;fa fa-angle-right&#8221; add_icon=&#8221;true&#8221; link=&#8221;url:http%3A%2F%2Fpremiosinmobiliarios.com.mx%2Ffinalistas2019%2F|||&#8221;][\/vc_column][vc_column width=&#8221;3\/4&#8243;][vc_column_text css=&#8221;.vc_custom_1579125284608{background-position: center !important;background-repeat: no-repeat !important;background-size: contain !important;}&#8221;]<span style=\"color: #000000;\">El p\u00fablico en general y profesionales inmobiliarios pueden votar por aquella mujer inmobiliaria que consideren merece ser reconocida por su profesionalismo, \u00e9tica profesional, compromiso y liderazgo.<\/span>[\/vc_column_text][vc_empty_space height=&#8221;30px&#8221;][vc_row_inner css=&#8221;.vc_custom_1572573191498{background-color: #ffffff !important;}&#8221;][vc_column_inner][vc_column_text]<\/p>\n<h4><span style=\"color: #000000;\">Requisitos:<\/span><\/h4>\n<ul>\n<li><span style=\"color: #000000;\">Contar con al menos 5 a\u00f1os de trayectoria en el sector inmobiliario<\/span><\/li>\n<li><span style=\"color: #000000;\">Contar con la certificaci\u00f3n EC0110.01 Asesori\u0301a en Comercializacio\u0301n de Bienes Rai\u0301ces<\/span><\/li>\n<li><span style=\"color: #000000;\">Contar con al menos 5 cursos b\u00e1sicos del sector inmobiliario<\/span><\/li>\n<li><span style=\"color: #000000;\">Pertenecer a alguna Asociaci\u00f3n con c\u00f3digo de \u00e9tica<\/span><\/li>\n<\/ul>\n<p>[\/vc_column_text][\/vc_column_inner][\/vc_row_inner][\/vc_column][\/vc_row][vc_row][vc_column][vc_empty_space height=&#8221;30px&#8221;][\/vc_column][\/vc_row][\/vc_section][vc_section full_width=&#8221;stretch_row&#8221; css=&#8221;.vc_custom_1572573280880{background-color: #ffffff !important;}&#8221;][vc_row][vc_column][vc_empty_space height=&#8221;30px&#8221;][\/vc_column][\/vc_row][vc_row][vc_column width=&#8221;1\/4&#8243;][vc_single_image image=&#8221;26315&#8243; img_size=&#8221;medium&#8221; alignment=&#8221;center&#8221;][vc_column_text]<\/p>\n<p style=\"text-align: center;\"><span style=\"font-size: 14pt;\"><strong><span style=\"color: #190729;\">HOMBRE INMOBILIARIO DEL A\u00d1O<\/span><\/strong><\/span><\/p>\n<p>[\/vc_column_text][vc_btn title=&#8221;FINALISTAS&#8221; style=&#8221;gradient-custom&#8221; gradient_custom_color_1=&#8221;#ffaa00&#8243; gradient_custom_color_2=&#8221;#fbeca9&#8243; gradient_text_color=&#8221;#190729&#8243; shape=&#8221;square&#8221; size=&#8221;lg&#8221; align=&#8221;center&#8221; i_align=&#8221;right&#8221; i_icon_fontawesome=&#8221;fa fa-angle-right&#8221; add_icon=&#8221;true&#8221; link=&#8221;url:http%3A%2F%2Fpremiosinmobiliarios.com.mx%2Ffinalistas2019%2F|||&#8221;][\/vc_column][vc_column width=&#8221;3\/4&#8243;][vc_column_text css=&#8221;.vc_custom_1579125317566{background-position: center !important;background-repeat: no-repeat !important;background-size: contain !important;}&#8221;]<span style=\"color: #000000;\">El p\u00fablico en general y profesionales inmobiliarios pueden votar por aquel hombre inmobiliario que consideren merece ser reconocido por su profesionalismo, \u00e9tica profesional, compromiso y liderazgo.<\/span>[\/vc_column_text][vc_empty_space height=&#8221;30px&#8221;][vc_row_inner css=&#8221;.vc_custom_1572573292892{background-color: #f7f7f7 !important;}&#8221;][vc_column_inner][vc_column_text]<\/p>\n<h4><span style=\"color: #000000;\">Requisitos:<\/span><\/h4>\n<ul>\n<li><span style=\"color: #000000;\">Contar con al menos 5 a\u00f1os de trayectoria en el sector inmobiliario<\/span><\/li>\n<li><span style=\"color: #000000;\">Contar con la certificaci\u00f3n EC0110.01 Asesori\u0301a en Comercializacio\u0301n de Bienes Rai\u0301ces<\/span><\/li>\n<li><span style=\"color: #000000;\">Contar con al menos 5 cursos b\u00e1sicos del sector inmobiliario<\/span><\/li>\n<li><span style=\"color: #000000;\">Pertenecer a alguna Asociaci\u00f3n con c\u00f3digo de \u00e9tica<\/span><\/li>\n<\/ul>\n<p>[\/vc_column_text][\/vc_column_inner][\/vc_row_inner][\/vc_column][\/vc_row][vc_row][vc_column][vc_empty_space height=&#8221;30px&#8221;][\/vc_column][\/vc_row][\/vc_section][vc_section full_width=&#8221;stretch_row&#8221; css=&#8221;.vc_custom_1572623682680{background-color: #f7f7f7 !important;}&#8221;][vc_row][vc_column][vc_empty_space height=&#8221;30px&#8221;][\/vc_column][\/vc_row][vc_row][vc_column width=&#8221;1\/3&#8243;][vc_single_image image=&#8221;26328&#8243; img_size=&#8221;medium&#8221; alignment=&#8221;center&#8221;][vc_column_text]<\/p>\n<p style=\"text-align: center;\"><span style=\"font-size: 14pt;\"><strong><span style=\"color: #190729;\">MEJORES SERVICIOS<\/span><\/strong><\/span><\/p>\n<p>[\/vc_column_text][vc_btn title=&#8221;FINALISTAS&#8221; style=&#8221;gradient-custom&#8221; gradient_custom_color_1=&#8221;#ffaa00&#8243; gradient_custom_color_2=&#8221;#fbeca9&#8243; gradient_text_color=&#8221;#190729&#8243; shape=&#8221;square&#8221; size=&#8221;lg&#8221; align=&#8221;center&#8221; i_align=&#8221;right&#8221; i_icon_fontawesome=&#8221;fa fa-angle-right&#8221; add_icon=&#8221;true&#8221; link=&#8221;url:http%3A%2F%2Fpremiosinmobiliarios.com.mx%2Ffinalistas2019%2F|||&#8221;][\/vc_column][vc_column width=&#8221;1\/3&#8243;][vc_column_text css=&#8221;.vc_custom_1572886499306{background-color: #190729 !important;}&#8221;]<\/p>\n<h4 style=\"text-align: center;\"><span style=\"color: #ffffff; font-size: 10pt;\">Mejor sistema tecnol\u00f3gico<\/span><\/h4>\n<p>[\/vc_column_text][vc_column_text]<\/p>\n<p style=\"text-align: left;\"><span style=\"color: #000000;\">Considera aquella herramienta tecnol\u00f3gica que facilita tu labor como agente inmobiliario y\/o te genera un valor agregado.<\/span><\/p>\n<p>[\/vc_column_text][vc_empty_space height=&#8221;30px&#8221;][vc_column_text css=&#8221;.vc_custom_1572886512656{background-color: #190729 !important;}&#8221;]<\/p>\n<h4 style=\"text-align: center;\"><span style=\"font-size: 10pt; color: #ffffff;\">MEJOR SISTEMA EDUCATIVO Y CENTRO CERTIFICADOR<\/span><\/h4>\n<p>[\/vc_column_text][vc_column_text]<\/p>\n<p style=\"text-align: left;\"><span style=\"color: #000000;\">Se premiara a aquella instituci\u00f3n o Centro Certificador cuyos fines contemplen la profesionalizaci\u00f3n de los agentes inmobiliarios.<\/span><\/p>\n<p>[\/vc_column_text][vc_empty_space height=&#8221;30px&#8221;][vc_column_text css=&#8221;.vc_custom_1572886525441{background-color: #190729 !important;}&#8221;]<\/p>\n<h4 style=\"text-align: center;\"><span style=\"color: #ffffff; font-size: 10pt;\">Mejor medio de comunicaci\u00f3n impreso<\/span><\/h4>\n<p>[\/vc_column_text][vc_column_text]<\/p>\n<p style=\"text-align: left;\"><span style=\"color: #000000;\">Ser una revista impresa &#8220;f\u00edsica&#8221;, con presencia nacional y tener al menos 2 a\u00f1os de circulaci\u00f3n. Indispensable tener p\u00e1gina web como medio de comunicaci\u00f3n.<\/span><\/p>\n<p>[\/vc_column_text][vc_empty_space height=&#8221;30px&#8221;][vc_column_text css=&#8221;.vc_custom_1572886539613{background-color: #190729 !important;}&#8221;]<\/p>\n<h4 style=\"text-align: center;\"><span style=\"color: #ffffff; font-size: 10pt;\">Mejor medio de comunicaci\u00f3n digital-electr\u00f3nico<\/span><\/h4>\n<p>[\/vc_column_text][vc_column_text]<\/p>\n<p style=\"text-align: left;\"><span style=\"color: #000000;\">Ser un medio de comunicaci\u00f3n con contenido editorial en &#8220;Bienes Ra\u00edces&#8221;, ya sea en su totalidad o con secci\u00f3n especifica de Bienes Ra\u00edces y con contenido frecuente en web, radio o tv con al menos un a\u00f1o de presencia. Indispensable tener p\u00e1gina web como medio de comunicaci\u00f3n.<\/span><\/p>\n<p>[\/vc_column_text][vc_empty_space height=&#8221;30px&#8221;][\/vc_column][vc_column width=&#8221;1\/3&#8243;][vc_column_text css=&#8221;.vc_custom_1572886553718{background-color: #190729 !important;}&#8221;]<\/p>\n<h4 style=\"text-align: center;\"><span style=\"color: #ffffff; font-size: 10pt;\">Servicios Hipotecarios Bancarios<\/span><\/h4>\n<p>[\/vc_column_text][vc_column_text]<\/p>\n<p style=\"text-align: left;\"><span style=\"color: #000000;\">Plataforma hipotecaria que ofrece los servicios m\u00e1s accesibles para el mercado como mejores tasas, tasas fijas, menores enganches, flexibilidad de pagos y\/o de requisitos para un cr\u00e9dito.<\/span><\/p>\n<p>[\/vc_column_text][vc_empty_space height=&#8221;30px&#8221;][vc_column_text css=&#8221;.vc_custom_1574372656242{background-color: #190729 !important;}&#8221;]<\/p>\n<h4 style=\"text-align: center;\"><span style=\"color: #ffffff; font-size: 10pt;\">Mejor empresa de financiamiento hipotecario<\/span><\/h4>\n<p>[\/vc_column_text][vc_empty_space height=&#8221;30px&#8221;][vc_column_text css=&#8221;.vc_custom_1572886577546{background-color: #190729 !important;}&#8221;]<\/p>\n<h4 style=\"text-align: center;\"><span style=\"color: #ffffff; font-size: 10pt;\">Mejor Franquicia<\/span><\/h4>\n<p>[\/vc_column_text][vc_column_text]<\/p>\n<p style=\"text-align: left;\"><span style=\"color: #000000;\">Franquicia inmobiliaria en M\u00e9xico cuyos fines sean los de incrementar los servicios inmobiliarios, para otorgar al cliente una calidad inigualable.<\/span><\/p>\n<p>[\/vc_column_text][vc_empty_space height=&#8221;30px&#8221;][vc_column_text css=&#8221;.vc_custom_1572886590627{background-color: #190729 !important;}&#8221;]<\/p>\n<h4 style=\"text-align: center;\"><span style=\"color: #ffffff; font-size: 10pt;\">Mejor desarrollador inmobiliario<\/span><\/h4>\n<p>[\/vc_column_text][vc_empty_space height=&#8221;30px&#8221;][vc_column_text css=&#8221;.vc_custom_1572886605145{background-color: #190729 !important;}&#8221;]<\/p>\n<h4 style=\"text-align: center;\"><span style=\"font-size: 10pt; color: #ffffff;\">Mejor Firma Desarrolladora<\/span><\/h4>\n<p>[\/vc_column_text][vc_empty_space height=&#8221;30px&#8221;][\/vc_column][\/vc_row][vc_row][vc_column][vc_empty_space height=&#8221;30px&#8221;][\/vc_column][\/vc_row][\/vc_section][vc_section full_width=&#8221;stretch_row&#8221; css=&#8221;.vc_custom_1572626059361{background-image: url(http:\/\/premiosinmobiliarios.com.mx\/wp-content\/uploads\/2019\/10\/piv2019_wordpress_home_background.jpg?id=26310) !important;background-position: center !important;background-repeat: no-repeat !important;background-size: cover !important;}&#8221;][vc_row][vc_column][vc_column_text]<\/p>\n<h2 style=\"text-align: center;\"><span style=\"color: #ffffff;\">CATEGOR\u00cdAS NO SUJETAS A VOTACI\u00d3N<\/span><\/h2>\n<p>[\/vc_column_text][\/vc_column][\/vc_row][\/vc_section][vc_section full_width=&#8221;stretch_row&#8221; css=&#8221;.vc_custom_1572626241050{background-color: #ffffff !important;}&#8221;][vc_row][vc_column][vc_empty_space height=&#8221;30px&#8221;][\/vc_column][\/vc_row][vc_row][vc_column width=&#8221;1\/2&#8243;][vc_single_image image=&#8221;26313&#8243; img_size=&#8221;medium&#8221; alignment=&#8221;center&#8221;][vc_column_text]<\/p>\n<p style=\"text-align: center;\"><span style=\"font-size: 14pt;\"><strong><span style=\"color: #190729;\">PROGRAMAS Y APOYO DEL SECTOR GOBIERNO FEDERAL<\/span><\/strong><\/span><\/p>\n<p>[\/vc_column_text][vc_column_text]<\/p>\n<p style=\"text-align: center;\"><span style=\"color: #000000;\">Instituci\u00f3n de Gobierno, que a trav\u00e9s de su representante haya contribuido a generar proyectos de impacto en la mejora de la actividad inmobiliaria.<\/span><\/p>\n<p>[\/vc_column_text][\/vc_column][vc_column width=&#8221;1\/2&#8243;][vc_single_image image=&#8221;26327&#8243; img_size=&#8221;medium&#8221; alignment=&#8221;center&#8221;][vc_column_text]<\/p>\n<p style=\"text-align: center;\"><span style=\"font-size: 14pt;\"><strong><span style=\"color: #190729;\">PREMIO HONORARIO<\/span><\/strong><\/span><\/p>\n<p>[\/vc_column_text][vc_column_text]<\/p>\n<p style=\"text-align: center;\"><span style=\"color: #000000;\">Vivanuncios reconocer\u00e1 a las personalidades que han trascendido por su gran labor y experiencia en el sector inmobiliario.<\/span><\/p>\n<p>[\/vc_column_text][\/vc_column][\/vc_row][vc_row][vc_column][vc_empty_space height=&#8221;30px&#8221;][\/vc_column][\/vc_row][\/vc_section][vc_section full_width=&#8221;stretch_row&#8221; css=&#8221;.vc_custom_1572626795438{background-image: url(http:\/\/premiosinmobiliarios.com.mx\/wp-content\/uploads\/2019\/10\/piv2019_wordpress_home_background.jpg?id=26310) !important;background-position: center !important;background-repeat: no-repeat !important;background-size: cover !important;}&#8221;][vc_row][vc_column][vc_empty_space height=&#8221;30px&#8221;][vc_column_text]<\/p>\n<h2 style=\"text-align: center;\"><span style=\"color: #f4d93a;\">LOS GANADORES YA EST\u00c1N AQU\u00cd<\/span><\/h2>\n<p>[\/vc_column_text][vc_btn title=&#8221;CON\u00d3CELOS&#8221; style=&#8221;gradient-custom&#8221; gradient_custom_color_1=&#8221;#ffaa00&#8243; gradient_custom_color_2=&#8221;#fbeca9&#8243; gradient_text_color=&#8221;#190729&#8243; shape=&#8221;square&#8221; size=&#8221;lg&#8221; align=&#8221;center&#8221; i_align=&#8221;right&#8221; i_icon_fontawesome=&#8221;fa fa-angle-right&#8221; add_icon=&#8221;true&#8221; link=&#8221;url:http%3A%2F%2Fpremiosinmobiliarios.com.mx%2Fganadores2019%2F|title:Ganadores||&#8221;][vc_empty_space height=&#8221;30px&#8221;][\/vc_column][\/vc_row][\/vc_section]<\/p>\n","protected":false},"excerpt":{"rendered":"<p>[vc_row full_width=&#8221;stretch_row&#8221; css=&#8221;.vc_custom_1572556326090{background-image: url(http:\/\/premiosinmobiliarios.com.mx\/wp-content\/uploads\/2019\/10\/piv2019_wordpress_home_background.jpg?id=26310) !important;background-position: center !important;background-repeat: no-repeat !important;background-size: cover !important;}&#8221;][vc_column][vc_row_inner][vc_column_inner width=&#8221;2\/3&#8243;][vc_empty_space height=&#8221;60px&#8221;][vc_column_text] 20 PREMIOS [\/vc_column_text][vc_column_text]Vivanuncios reconocer\u00e1 a profesionales individuales&#8230;<\/p>\n","protected":false},"author":2,"featured_media":0,"parent":0,"menu_order":8,"comment_status":"closed","ping_status":"closed","template":"","meta":[],"_links":{"self":[{"href":"https:\/\/premiosinmobiliarios.com.mx\/index.php?rest_route=\/wp\/v2\/pages\/26326"}],"collection":[{"href":"https:\/\/premiosinmobiliarios.com.mx\/index.php?rest_route=\/wp\/v2\/pages"}],"about":[{"href":"https:\/\/premiosinmobiliarios.com.mx\/index.php?rest_route=\/wp\/v2\/types\/page"}],"author":[{"embeddable":true,"href":"https:\/\/premiosinmobiliarios.com.mx\/index.php?rest_route=\/wp\/v2\/users\/2"}],"replies":[{"embeddable":true,"href":"https:\/\/premiosinmobiliarios.com.mx\/index.php?rest_route=%2Fwp%2Fv2%2Fcomments&post=26326"}],"version-history":[{"count":0,"href":"https:\/\/premiosinmobiliarios.com.mx\/index.php?rest_route=\/wp\/v2\/pages\/26326\/revisions"}],"wp:attachment":[{"href":"https:\/\/premiosinmobiliarios.com.mx\/index.php?rest_route=%2Fwp%2Fv2%2Fmedia&parent=26326"}],"curies":[{"name":"wp","href":"https:\/\/api.w.org\/{rel}","templated":true}]}}