{"id":25148,"date":"2018-01-14T20:46:24","date_gmt":"2018-01-15T02:46:24","guid":{"rendered":"http:\/\/premiosinmobiliarios.com.mx\/?page_id=25148"},"modified":"2019-11-04T15:45:49","modified_gmt":"2019-11-04T21:45:49","slug":"bases-y-condiciones","status":"publish","type":"page","link":"https:\/\/premiosinmobiliarios.com.mx\/?page_id=25148","title":{"rendered":"Bases y Condiciones"},"content":{"rendered":"<h2><b>PREMIOS INMOBILIARIOS VIVANUNCIOS 2019<\/b><\/h2>\n<p><span style=\"font-weight: 400;\">Vivanuncios prepara la cuarta edici\u00f3n de los Premios Inmobiliarios, los cuales contribuir\u00e1n a fortalecer el esp\u00edritu de transparencia y la profesionalizaci\u00f3n en la pr\u00e1ctica del sector inmobiliario.<\/span><\/p>\n<h3><b>OBJETIVO<\/b><\/h3>\n<p><span style=\"font-weight: 400;\">El objetivo de los Premios Inmobiliarios es reconocer y destacar a aquellos profesionales, empresas, actividades, acciones, procesos, campa\u00f1as e iniciativas que fomenten la profesionalizaci\u00f3n del sector inmobiliario en M\u00e9xico y que contribuyan al mejor desempe\u00f1o y desarrollo de las actividades en dicha esfera. &nbsp;&nbsp;&nbsp;<\/span><\/p>\n<p><span style=\"font-weight: 400;\">De esa forma, se premiar\u00e1 toda acci\u00f3n enfocada a promover la grandeza de este mercado y a impulsar la relaci\u00f3n entre los diferentes actores del gremio.<\/span><\/p>\n<h3><b>CATEGOR\u00cdAS <\/b><\/h3>\n<p><span style=\"font-weight: 400;\">Los Premios Inmobiliarios de Vivanuncios contemplan premios divididos en dos categor\u00edas:<\/span><\/p>\n<ul>\n<li style=\"list-style-type: none;\">\n<ul>\n<li style=\"font-weight: 400;\"><b>Empresas y agentes<\/b><span style=\"font-weight: 400;\">. Ser\u00e1n objeto de esta categor\u00eda aquellas iniciativas inmobiliarias p\u00fablicas o privadas, profesionales a t\u00edtulo personal, oficinas dedicadas al corretaje inmobiliario y entidades del sector gobierno que destaquen por liderar los valores \u00e9ticos y profesionales en el sector inmobiliario. <\/span>\n<ul>\n<li style=\"list-style-type: none;\">\n<ul>\n<li style=\"font-weight: 400;\"><span style=\"font-weight: 400;\">Oficinas dedicadas al corretaje inmobiliario con dos o m\u00e1s asesores inmobiliarios. <\/span><\/li>\n<\/ul>\n<\/li>\n<\/ul>\n<ul>\n<li style=\"list-style-type: none;\">\n<ul>\n<li style=\"font-weight: 400;\"><span style=\"font-weight: 400;\">Mujer del a\u00f1o<\/span><\/li>\n<\/ul>\n<\/li>\n<\/ul>\n<ul>\n<li style=\"list-style-type: none;\">\n<ul>\n<li style=\"font-weight: 400;\"><span style=\"font-weight: 400;\">Hombre del a\u00f1o<\/span><\/li>\n<\/ul>\n<\/li>\n<\/ul>\n<ul>\n<li style=\"font-weight: 400;\"><span style=\"font-weight: 400;\">Programas y apoyos del gobierno federal<\/span><\/li>\n<\/ul>\n<\/li>\n<\/ul>\n<\/li>\n<\/ul>\n<ul>\n<li style=\"font-weight: 400;\"><b>Servicios<\/b><span style=\"font-weight: 400;\">. Ser\u00e1n objeto de esta categor\u00eda aquellas empresas p\u00fablicas o privadas cuyos proyectos y acciones sobresalgan por sus caracter\u00edsticas de innovaci\u00f3n en el sector inmobiliario. De igual forma, se premiar\u00e1 a medios de comunicaci\u00f3n especializados que destaquen por su compromiso y rigor al abordar los temas relacionados con el mercado inmobiliario.<\/span>\n<ul>\n<li style=\"list-style-type: none;\">\n<ul>\n<li style=\"font-weight: 400;\"><span style=\"font-weight: 400;\">Mejor sistema tecnol\u00f3gico<\/span><\/li>\n<\/ul>\n<\/li>\n<\/ul>\n<ul>\n<li style=\"list-style-type: none;\">\n<ul>\n<li style=\"font-weight: 400;\"><span style=\"font-weight: 400;\">Mejor sistema educativo y Centro certificador<\/span><\/li>\n<\/ul>\n<\/li>\n<\/ul>\n<ul>\n<li style=\"list-style-type: none;\">\n<ul>\n<li style=\"font-weight: 400;\"><span style=\"font-weight: 400;\">Mejor medio de comunicaci\u00f3n impreso<\/span><\/li>\n<\/ul>\n<\/li>\n<\/ul>\n<ul>\n<li style=\"list-style-type: none;\">\n<ul>\n<li style=\"font-weight: 400;\"><span style=\"font-weight: 400;\">Mejor medio de comunicaci\u00f3n digital &#8211; electr\u00f3nico<\/span><\/li>\n<\/ul>\n<\/li>\n<\/ul>\n<ul>\n<li>Servicios hipotecarios bancarios<\/li>\n<li>Mejor empresa broker financiamiento hipotecario<\/li>\n<li>Desarrollo inmobiliario<\/li>\n<li>Mejor Franquicia<\/li>\n<li>Mejor desarrollador inmobiliario<\/li>\n<li>Mejor firma desarrolladora<\/li>\n<\/ul>\n<\/li>\n<\/ul>\n<p>Cada uno de los ganadores recibir\u00e1 una escultura conmemorativa de los Premios Inmobiliarios Vivanuncios; una entrevista para el canal de YouTube de Vivanuncios y banners en la p\u00e1gina web de Vivanuncios.<\/p>\n<p><span style=\"font-weight: 400;\">Vivanuncios difundir\u00e1 los resultados de los ganadores a trav\u00e9s de sus canales de comunicaci\u00f3n habituales (p\u00e1gina web, medios de comunicaci\u00f3n, redes sociales, etc\u00e9tera).<\/span><\/p>\n<h3><b>CANDIDATOS<\/b><\/h3>\n<p><span style=\"font-weight: 400;\">Podr\u00e1n participan en la convocatoria instituciones y empresas (p\u00fablicas o privadas), mexicanas o internacionales, que mantengan una relaci\u00f3n o actividad de m\u00e1s de 5 a\u00f1os con el sector mexicano, as\u00ed como profesionales cuyas iniciativas se adapten a las categor\u00edas anteriormente descritas. Se considerar\u00e1 como punto favorable el ser miembros de agrupaciones o asociaciones del sector inmobiliario, as\u00ed como presentar m\u00ednimo 5 constancias de capacitaci\u00f3n y actualizaci\u00f3n que enriquezcan su labor profesional, tales como TSU, diplomados, seminarios, cursos, entre otros.<\/span><\/p>\n<p><span style=\"font-weight: 400;\">Vivanuncios pone a disposici\u00f3n del p\u00fablico un buz\u00f3n de correo electr\u00f3nico para recibir dudas y comentarios acerca de la din\u00e1mica de los Premios Inmobiliarios de Vivanuncios: <\/span><a href=\"mailto:alpadilla@ebay.com\"><span style=\"font-weight: 400;\">alpadilla@ebay.com<\/span><\/a><\/p>\n<p><span style=\"font-weight: 400;\">Vivanuncios se pondr\u00e1 en contacto con las personas f\u00edsicas, empresas o instituciones que reciban m\u00e1s votos para figurar como finalistas de su categor\u00eda, y solicitar\u00e1 el env\u00edo del <\/span><b>Formulario para participaci\u00f3n en los Premios Inmobiliarios Vivanuncios 2019<\/b><span style=\"font-weight: 400;\">,<\/span> <span style=\"font-weight: 400;\">mismo que deber\u00e1 ser entregado al correo <\/span><a href=\"mailto:alpadilla@ebay.com\"><span style=\"font-weight: 400;\">alpadilla@ebay.com<\/span><\/a><\/p>\n<p><span style=\"font-weight: 400;\">Los finalistas en cada categor\u00eda que deseen participar en la segunda edici\u00f3n de los Premios Inmobiliarios Vivanuncios deber\u00e1n llenar el formulario y enviarlo por correo electr\u00f3nico antes del 15 de febrero de 2020.<\/span><\/p>\n<h3><b>FALLO DEL JURADO <\/b><\/h3>\n<p><span style=\"font-weight: 400;\">La decisi\u00f3n del jurado ser\u00e1 p\u00fablica e irrevocable. <\/span><\/p>\n<h3><b>CALENDARIO <\/b><\/h3>\n<p><b>Nominaci\u00f3n<\/b><span style=\"font-weight: 400;\">. Del 4 de noviembre al 8 de diciembre de 2019.<\/span><\/p>\n<p><span style=\"font-weight: 400;\">La nominaci\u00f3n ser\u00e1 v\u00e1lida para las siguientes categor\u00edas:<\/span><\/p>\n<ul>\n<li style=\"list-style-type: none;\">\n<ul>\n<li style=\"font-weight: 400;\"><span style=\"font-weight: 400;\">Oficinas dedicadas al corretaje inmobiliario con dos o m\u00e1s asesores inmobiliarios. Se considera la participaci\u00f3n de las siguientes regiones: CDMX, NOROESTE (Baja California, Baja California Sur, Chihuahua, Sinaloa y Sonora, NORESTE (Coahuila, Durango, Nuevo Le\u00f3n, San Luis Potos\u00ed y Tamaulipas), OCCIDENTE (Aguascalientes, Colima, Guanajuato, Jalisco, Michoac\u00e1n, Nayarit, Quer\u00e9taro y Zacatecas), CENTRO (Estado de M\u00e9xico, Guerrero, Hidalgo, Morelos, Puebla y Tlaxcala) SURESTE, (Campeche, Chiapas, Oaxaca, Quintana Roo, Tabasco, Veracruz y Yucat\u00e1n).<\/span><\/li>\n<\/ul>\n<\/li>\n<\/ul>\n<ul>\n<li style=\"list-style-type: none;\">\n<ul>\n<li style=\"font-weight: 400;\"><span style=\"font-weight: 400;\">Mujer del a\u00f1o<\/span><\/li>\n<\/ul>\n<\/li>\n<\/ul>\n<ul>\n<li style=\"font-weight: 400;\"><span style=\"font-weight: 400;\">Hombre del a\u00f1o<\/span><\/li>\n<\/ul>\n<p><strong>Ser\u00e1 considerado como nominado aquella persona o empresa que cuente con un m\u00ednimo de 50 nominaciones.<\/strong><\/p>\n<p><span style=\"font-weight: 400;\">Al finalizar el proceso de nominaci\u00f3n, se tomar\u00e1n finalistas los que haya obtenido mayor n\u00famero de nominaciones, pudiendo ser por categor\u00eda entre 10 a 12 nominados por cada una de ellas.<\/span><\/p>\n<p><b>Votaci\u00f3n.<\/b><span style=\"font-weight: 400;\"> Del 13 de enero al 24 de febrero de 2019.<\/span><\/p>\n<p><span style=\"font-weight: 400;\">Las votaciones contemplan todas las categor\u00edas de los premios:<\/span><\/p>\n<ul>\n<li style=\"list-style-type: none;\">\n<ul>\n<li style=\"font-weight: 400;\"><span style=\"font-weight: 400;\">Oficinas dedicadas al corretaje inmobiliario con dos o m\u00e1s asesores inmobiliarios. Se considera la participaci\u00f3n de las siguientes entidades: regiones: CDMX, NOROESTE (Baja California, Baja California Sur, Chihuahua, Sinaloa y Sonora, NORESTE (Coahuila, Durango, Nuevo Le\u00f3n, San Luis Potos\u00ed y Tamaulipas), OCCIDENTE (Aguascalientes, Colima, Guanajuato, Jalisco, Michoac\u00e1n, Nayarit, Quer\u00e9taro y Zacatecas), CENTRO (Estado de M\u00e9xico, Guerrero, Hidalgo, Morelos, Puebla y Tlaxcala) SURESTE, (Campeche, Chiapas, Oaxaca, Quintana Roo, Tabasco, Veracruz y Yucat\u00e1n).<\/span><\/li>\n<\/ul>\n<\/li>\n<\/ul>\n<ul>\n<li style=\"list-style-type: none;\">\n<ul>\n<li style=\"font-weight: 400;\"><span style=\"font-weight: 400;\">Mujer del a\u00f1o<\/span><\/li>\n<\/ul>\n<\/li>\n<\/ul>\n<ul>\n<li style=\"list-style-type: none;\">\n<ul>\n<li style=\"font-weight: 400;\"><span style=\"font-weight: 400;\">Hombre del a\u00f1o<\/span><\/li>\n<\/ul>\n<\/li>\n<\/ul>\n<ul>\n<li style=\"list-style-type: none;\">\n<ul>\n<li style=\"font-weight: 400;\"><span style=\"font-weight: 400;\">Programas y apoyos del sector gobierno federal<\/span><\/li>\n<\/ul>\n<\/li>\n<\/ul>\n<ul>\n<li style=\"list-style-type: none;\">\n<ul>\n<li style=\"font-weight: 400;\">\n<ul>\n<li style=\"list-style-type: none;\">\n<ul>\n<li style=\"font-weight: 400;\"><span style=\"font-weight: 400;\">Mejor sistema tecnol\u00f3gico<\/span><\/li>\n<\/ul>\n<\/li>\n<\/ul>\n<ul>\n<li style=\"list-style-type: none;\">\n<ul>\n<li style=\"font-weight: 400;\"><span style=\"font-weight: 400;\">Mejor sistema educativo y Centro certificador<\/span><\/li>\n<\/ul>\n<\/li>\n<\/ul>\n<ul>\n<li style=\"list-style-type: none;\">\n<ul>\n<li style=\"font-weight: 400;\"><span style=\"font-weight: 400;\">Mejor medio de comunicaci\u00f3n impreso<\/span><\/li>\n<\/ul>\n<\/li>\n<\/ul>\n<ul>\n<li style=\"list-style-type: none;\">\n<ul>\n<li style=\"font-weight: 400;\"><span style=\"font-weight: 400;\">Mejor medio de comunicaci\u00f3n digital &#8211; electr\u00f3nico<\/span><\/li>\n<\/ul>\n<\/li>\n<\/ul>\n<ul>\n<li>Servicios hipotecarios bancarios<\/li>\n<li>Mejor empresa broker financiamiento hipotecario<\/li>\n<li>Desarrollo inmobiliario<\/li>\n<li>Mejor Franquicia<\/li>\n<li>Mejor desarrollador inmobiliario<\/li>\n<li>Mejor firma desarrolladora<\/li>\n<\/ul>\n<\/li>\n<\/ul>\n<\/li>\n<\/ul>\n<p><b>Publicaci\u00f3n de finalistas: <\/b><span style=\"font-weight: 400;\">26 de febrero de 2020.<\/span><\/p>\n<p><b>Premiaci\u00f3n: <\/b><span style=\"font-weight: 400;\">26 de marzo de 2020.<\/span><\/p>\n<p><span style=\"font-weight: 400;\">El jurado se reunir\u00e1 tantas veces como considere oportuno para la determinaci\u00f3n de los ganadores del Premio Inmobiliario Vivanuncios de cada categor\u00eda; se informar\u00e1 de forma privada a los participantes que no se encuentren dentro de los finalistas de cada categor\u00eda; y se dar\u00e1 a conocer el nombre de los ganadores en el marco de la segunda edici\u00f3n de los Premios Inmobiliarios Vivanuncios, la cual se llevar\u00e1 a cabo el 26 de marzo de 2020. <\/span><\/p>\n<p><span style=\"font-weight: 400;\">Posteriormente, Vivanuncios har\u00e1 p\u00fablico el resultado de los Premios Inmobiliarios a trav\u00e9s de sus canales de comunicaci\u00f3n habituales (p\u00e1gina web, medios de comunicaci\u00f3n, redes sociales, newsletter, etc\u00e9tera)<\/span><span style=\"font-weight: 400;\">.<\/span><\/p>\n","protected":false},"excerpt":{"rendered":"<p>PREMIOS INMOBILIARIOS VIVANUNCIOS 2019 Vivanuncios prepara la cuarta edici\u00f3n de los Premios Inmobiliarios, los cuales contribuir\u00e1n a fortalecer el esp\u00edritu&#8230;<\/p>\n","protected":false},"author":2,"featured_media":0,"parent":0,"menu_order":1,"comment_status":"closed","ping_status":"closed","template":"","meta":[],"_links":{"self":[{"href":"https:\/\/premiosinmobiliarios.com.mx\/index.php?rest_route=\/wp\/v2\/pages\/25148"}],"collection":[{"href":"https:\/\/premiosinmobiliarios.com.mx\/index.php?rest_route=\/wp\/v2\/pages"}],"about":[{"href":"https:\/\/premiosinmobiliarios.com.mx\/index.php?rest_route=\/wp\/v2\/types\/page"}],"author":[{"embeddable":true,"href":"https:\/\/premiosinmobiliarios.com.mx\/index.php?rest_route=\/wp\/v2\/users\/2"}],"replies":[{"embeddable":true,"href":"https:\/\/premiosinmobiliarios.com.mx\/index.php?rest_route=%2Fwp%2Fv2%2Fcomments&post=25148"}],"version-history":[{"count":0,"href":"https:\/\/premiosinmobiliarios.com.mx\/index.php?rest_route=\/wp\/v2\/pages\/25148\/revisions"}],"wp:attachment":[{"href":"https:\/\/premiosinmobiliarios.com.mx\/index.php?rest_route=%2Fwp%2Fv2%2Fmedia&parent=25148"}],"curies":[{"name":"wp","href":"https:\/\/api.w.org\/{rel}","templated":true}]}}